{"id":4220,"date":"2026-01-22T13:07:20","date_gmt":"2026-01-22T11:07:20","guid":{"rendered":"https:\/\/asematic.ee\/toode\/footfallcam-centroid-16-ai-nvr-seade\/"},"modified":"2026-01-22T13:07:20","modified_gmt":"2026-01-22T11:07:20","slug":"footfallcam-centroid-16-ai-nvr-seade","status":"publish","type":"product","link":"https:\/\/asematic.ee\/en\/toode\/footfallcam-centroid-16-ai-nvr-seade\/","title":{"rendered":"FOOTFALLCAM CENTROID 16 AI NVR-SEADE"},"content":{"rendered":"<h2 data-start=\"1328\" data-end=\"1361\"><strong data-start=\"1331\" data-end=\"1361\">AI-p\u00f5hine varguste ennetus<\/strong><\/h2>\n<p data-start=\"1362\" data-end=\"1725\">Centroid kasutab sisseehitatud AI-mudeleid, et tuvastada vargustega seotud k\u00e4itumist. Reaalajas hoiatused teavitavad personali koheselt ning asjakohane videomaterjal m\u00e4rgistatakse automaatselt \u00fclevaatamiseks. See v\u00f5imaldab ennetavamat turvak\u00e4sitlust ja aitab v\u00e4hendada kadusid erinevates kauplusekeskkondades.<\/p>\n<hr data-start=\"1727\" data-end=\"1730\" \/>\n<h2 data-start=\"1732\" data-end=\"1767\"><strong data-start=\"1735\" data-end=\"1767\">Poe sisene kliendianal\u00fc\u00fctika<\/strong><\/h2>\n<p data-start=\"1768\" data-end=\"2141\">Lisaks seirele kogub Centroid \u00e4rilisi teadmisi videovoogudest. See loob soojuskaarte, anal\u00fc\u00fcsib viibimisaega, j\u00e4rjekordi, t\u00f6\u00f6tajate ja klientide koostoimet ning toodetega seotud huvi \u2013 k\u00f5ik standardsete CCTV-kaamerate abil. Need teadmised aitavad jaem\u00fc\u00fcjatel optimeerida planeeringut, personali ja tegevusprotsesse, parandades kliendikogemust ja suurendades m\u00fc\u00fcgiv\u00f5imalusi.<\/p>\n<hr data-start=\"2143\" data-end=\"2146\" \/>\n<h2 data-start=\"2148\" data-end=\"2185\"><strong data-start=\"2151\" data-end=\"2185\">T\u00f6\u00f6tajate standardprotseduuride j\u00e4rgimine<\/strong><\/h2>\n<p data-start=\"2186\" data-end=\"2578\">Centroidi Edge AI anal\u00fc\u00fcsib t\u00f6\u00f6tajate k\u00e4itumist reaalajas, tuvastades ja automaatselt m\u00e4rgistades tavap\u00e4raseid tegevusi, nagu tervitamine, kauba t\u00e4iendamine, koristamine ja teenindusetapid. See annab jaem\u00fc\u00fcjatele struktureeritud ja j\u00e4rjepideva viisi SOP (Standard Operating Procedure)-n\u00f5uete t\u00e4itmise kontrollimiseks, teenuse kvaliteedi j\u00e4lgimiseks ning t\u00f6\u00f6standardite j\u00e4rgimise tagamiseks igas vahetuses ja igas kaupluses.<\/p>\n<hr data-start=\"2580\" data-end=\"2583\" \/>\n<h2 data-start=\"2585\" data-end=\"2623\"><strong data-start=\"2588\" data-end=\"2623\">Taust ja strateegiline kontekst<\/strong><\/h2>\n<p data-start=\"2624\" data-end=\"2971\">Paljudes organisatsioonides on CCTV-s\u00fcsteemid endiselt isoleeritud ja alakasutatud \u2013 piirdudes passiivse salvestusega ning v\u00e4hese seotusega igap\u00e4evaste tegevuste v\u00f5i varguste ennetuse protsessidega. Samal ajal vajavad turundus-, operatsiooni- ja IT-meeskonnad \u00fcha enam reaalajas \u00fclevaateid poe tegevusest, kliendik\u00e4itumisest ja varade liikumisest.<\/p>\n<p data-start=\"2973\" data-end=\"3202\">Centroidi seeria on loodud \u00fchtseks kihiks, mis \u00fchendab seire ja anal\u00fc\u00fctika \u00fches seadmes. See v\u00f5imaldab turvatiimidel s\u00e4ilitada kontrolli, samal ajal kui teised osapooled saavad samast infrastruktuurist v\u00e4\u00e4rtuslikke \u00e4ri\u00fclevaateid.<\/p>\n<hr data-start=\"3204\" data-end=\"3207\" \/>\n<h2 data-start=\"3209\" data-end=\"3242\"><strong data-start=\"3212\" data-end=\"3242\">Peamised disainip\u00f5him\u00f5tted<\/strong><\/h2>\n<ul data-start=\"3243\" data-end=\"3548\">\n<li data-start=\"3243\" data-end=\"3341\">\n<p data-start=\"3245\" data-end=\"3341\">Kasutab olemasolevat kaamerainfrastruktuuri, toetades eri p\u00f5lvkondade analoog- ja IP-kaameraid<\/p>\n<\/li>\n<li data-start=\"3342\" data-end=\"3463\">\n<p data-start=\"3344\" data-end=\"3463\">K\u00e4itab t\u00e4iustatud anal\u00fc\u00fctikat lokaalselt (inimeste loendus, soojuskaardid, t\u00f6\u00f6tajate v\u00e4listamine, j\u00e4rjekorratuvastus)<\/p>\n<\/li>\n<li data-start=\"3464\" data-end=\"3548\">\n<p data-start=\"3466\" data-end=\"3548\">Koondab mitme allika andmed (video, IoT, POS) tsentraliseeritud juhtpaneelidesse<\/p>\n<\/li>\n<\/ul>\n<p data-start=\"3587\" data-end=\"3923\" data-is-last-node=\"\" data-is-only-node=\"\">\n","protected":false},"excerpt":{"rendered":"<p data-start=\"0\" data-end=\"40\"><strong data-start=\"0\" data-end=\"40\">Kuni 48 TOPS Edge AI t\u00f6\u00f6tlusv\u00f5imsust<\/strong><\/p>\n<ul>\n<li data-start=\"44\" data-end=\"86\">AI-p\u00f5hine varguste ennetus ja anal\u00fc\u00fctika<\/li>\n<li data-start=\"44\" data-end=\"86\">Ventilaatorita disain koos integreeritud AI-kiirendiga<\/li>\n<li data-start=\"44\" data-end=\"86\">Toetab kuni 16 analoog- v\u00f5i IP-kaamerat<\/li>\n<li data-start=\"44\" data-end=\"86\">Sisseehitatud salvestus ja videote taasesitus<\/li>\n<li data-start=\"44\" data-end=\"86\">ONVIF ja RTSP protokollide tugi<\/li>\n<\/ul>\n<hr data-start=\"277\" data-end=\"280\" \/>\n<h2 data-start=\"282\" data-end=\"346\"><strong data-start=\"285\" data-end=\"346\">\u00dcks AI NVR-seade. Turvalisus + intelligentsus + \u00fclevaade.<\/strong><\/h2>\n<p data-start=\"347\" data-end=\"591\">FootfallCam <strong data-start=\"359\" data-end=\"372\">Centroid\u2122<\/strong> on enamat kui lihtsalt NVR. See on AI-v\u00f5imekusega v\u00f5imas lahendus, mis muudab tavap\u00e4rase CCTV-infrastruktuuri mitmeotstarbeliseks platvormiks \u2013 kaitstes teie kauplust ja pakkudes samal ajal reaalajas kliendi\u00fclevaateid.<\/p>\n<h2 data-start=\"598\" data-end=\"658\"><strong data-start=\"601\" data-end=\"658\">CCTV muutmine nutikaks varguste ennetamise s\u00fcsteemiks<\/strong><\/h2>\n<p data-start=\"659\" data-end=\"861\">\u201eCentroid on arenenud CCTV: turvalisus, varguste ennetus ja \u00e4rianal\u00fc\u00fctika \u00fches platvormis \u2013 lihtne kasutusele v\u00f5tta, j\u00e4tkusuutlik opereerida ja valmis andma reaalseid tulemusi alates esimesest p\u00e4evast.\u201c<\/p>\n<hr data-start=\"863\" data-end=\"866\" \/>\n<h2 data-start=\"868\" data-end=\"905\"><strong data-start=\"871\" data-end=\"905\">Turvaseire NVR-funktsioonidega<\/strong><\/h2>\n<p data-start=\"906\" data-end=\"1321\">Centroid toimib t\u00e4isfunktsionaalse NVR-ina nii analoog- kui ka IP-kaameratele, toetades reaalajas vaatamist, videosalvestust, taasesitust ja kasutajas\u00f5bralikku intsidentide arhiivi. See integreerub olemasolevate CCTV-s\u00fcsteemidega ja loob tugeva aluse tulevastele AI-uuendustele, v\u00f5imaldades ettev\u00f5tetel s\u00e4ilitada traditsiooniline seire ning samal ajal liikuda nutikama, anal\u00fc\u00fctikap\u00f5hise turvainfrastruktuuri suunas.<\/p>\n","protected":false},"featured_media":4211,"template":"","meta":[],"product_brand":[93],"product_cat":[],"product_tag":[],"class_list":{"0":"post-4220","1":"product","2":"type-product","3":"status-publish","4":"has-post-thumbnail","6":"product_brand-footfallcam","8":"first","9":"onbackorder","10":"downloadable","11":"taxable","12":"shipping-taxable","13":"product-type-simple"},"yoast_head":"<!-- This site is optimized with the Yoast SEO plugin v26.8 - https:\/\/yoast.com\/product\/yoast-seo-wordpress\/ -->\n<title>FOOTFALLCAM CENTROID 16 AI NVR-SEADE | Asematic O\u00dc<\/title>\n<meta name=\"robots\" content=\"index, follow, max-snippet:-1, max-image-preview:large, max-video-preview:-1\" \/>\n<link rel=\"canonical\" href=\"https:\/\/asematic.ee\/toode\/footfallcam-centroid-16-ai-nvr-seade\/\" \/>\n<meta property=\"og:locale\" content=\"en_US\" \/>\n<meta property=\"og:type\" content=\"article\" \/>\n<meta property=\"og:title\" content=\"FOOTFALLCAM CENTROID 16 AI NVR-SEADE | Asematic O\u00dc\" \/>\n<meta property=\"og:description\" content=\"Kuni 48 TOPS Edge AI t\u00f6\u00f6tlusv\u00f5imsust    AI-p\u00f5hine varguste ennetus ja anal\u00fc\u00fctika  Ventilaatorita disain koos integreeritud AI-kiirendiga  Toetab kuni 16 analoog- v\u00f5i IP-kaamerat  Sisseehitatud salvestus ja videote taasesitus  ONVIF ja RTSP protokollide tugi     \u00dcks AI NVR-seade. Turvalisus + intelligentsus + \u00fclevaade. FootfallCam Centroid\u2122 on enamat kui lihtsalt NVR. See on AI-v\u00f5imekusega v\u00f5imas lahendus, mis muudab tavap\u00e4rase CCTV-infrastruktuuri mitmeotstarbeliseks platvormiks \u2013 kaitstes teie kauplust ja pakkudes samal ajal reaalajas kliendi\u00fclevaateid.  CCTV muutmine nutikaks varguste ennetamise s\u00fcsteemiks \u201eCentroid on arenenud CCTV: turvalisus, varguste ennetus ja \u00e4rianal\u00fc\u00fctika \u00fches platvormis \u2013 lihtne kasutusele v\u00f5tta, j\u00e4tkusuutlik opereerida ja valmis andma reaalseid tulemusi alates esimesest p\u00e4evast.\u201c     Turvaseire NVR-funktsioonidega Centroid toimib t\u00e4isfunktsionaalse NVR-ina nii analoog- kui ka IP-kaameratele, toetades reaalajas vaatamist, videosalvestust, taasesitust ja kasutajas\u00f5bralikku intsidentide arhiivi. See integreerub olemasolevate CCTV-s\u00fcsteemidega ja loob tugeva aluse tulevastele AI-uuendustele, v\u00f5imaldades ettev\u00f5tetel s\u00e4ilitada traditsiooniline seire ning samal ajal liikuda nutikama, anal\u00fc\u00fctikap\u00f5hise turvainfrastruktuuri suunas.\" \/>\n<meta property=\"og:url\" content=\"https:\/\/asematic.ee\/toode\/footfallcam-centroid-16-ai-nvr-seade\/\" \/>\n<meta property=\"og:site_name\" content=\"Asematic O\u00dc\" \/>\n<meta property=\"og:image\" content=\"https:\/\/asematic.ee\/wp-content\/uploads\/2026\/01\/Product_Centroid.webp\" \/>\n\t<meta property=\"og:image:width\" content=\"280\" \/>\n\t<meta property=\"og:image:height\" content=\"280\" \/>\n\t<meta property=\"og:image:type\" content=\"image\/webp\" \/>\n<meta name=\"twitter:card\" content=\"summary_large_image\" \/>\n<meta name=\"twitter:label1\" content=\"Est. reading time\" \/>\n\t<meta name=\"twitter:data1\" content=\"1 minute\" \/>\n<script type=\"application\/ld+json\" class=\"yoast-schema-graph\">{\"@context\":\"https:\/\/schema.org\",\"@graph\":[{\"@type\":\"WebPage\",\"@id\":\"https:\/\/asematic.ee\/toode\/footfallcam-centroid-16-ai-nvr-seade\/\",\"url\":\"https:\/\/asematic.ee\/toode\/footfallcam-centroid-16-ai-nvr-seade\/\",\"name\":\"FOOTFALLCAM CENTROID 16 AI NVR-SEADE | Asematic O\u00dc\",\"isPartOf\":{\"@id\":\"https:\/\/asematic.ee\/#website\"},\"primaryImageOfPage\":{\"@id\":\"https:\/\/asematic.ee\/toode\/footfallcam-centroid-16-ai-nvr-seade\/#primaryimage\"},\"image\":{\"@id\":\"https:\/\/asematic.ee\/toode\/footfallcam-centroid-16-ai-nvr-seade\/#primaryimage\"},\"thumbnailUrl\":\"https:\/\/asematic.ee\/wp-content\/uploads\/2026\/01\/Product_Centroid.webp\",\"datePublished\":\"2026-01-22T11:07:20+00:00\",\"breadcrumb\":{\"@id\":\"https:\/\/asematic.ee\/toode\/footfallcam-centroid-16-ai-nvr-seade\/#breadcrumb\"},\"inLanguage\":\"en-US\",\"potentialAction\":[{\"@type\":\"ReadAction\",\"target\":[\"https:\/\/asematic.ee\/toode\/footfallcam-centroid-16-ai-nvr-seade\/\"]}]},{\"@type\":\"ImageObject\",\"inLanguage\":\"en-US\",\"@id\":\"https:\/\/asematic.ee\/toode\/footfallcam-centroid-16-ai-nvr-seade\/#primaryimage\",\"url\":\"https:\/\/asematic.ee\/wp-content\/uploads\/2026\/01\/Product_Centroid.webp\",\"contentUrl\":\"https:\/\/asematic.ee\/wp-content\/uploads\/2026\/01\/Product_Centroid.webp\",\"width\":280,\"height\":280},{\"@type\":\"BreadcrumbList\",\"@id\":\"https:\/\/asematic.ee\/toode\/footfallcam-centroid-16-ai-nvr-seade\/#breadcrumb\",\"itemListElement\":[{\"@type\":\"ListItem\",\"position\":1,\"name\":\"Home\",\"item\":\"https:\/\/asematic.ee\/\"},{\"@type\":\"ListItem\",\"position\":2,\"name\":\"Tooted\",\"item\":\"https:\/\/asematic.ee\/shop\/\"},{\"@type\":\"ListItem\",\"position\":3,\"name\":\"FOOTFALLCAM CENTROID 16 AI NVR-SEADE\"}]},{\"@type\":\"WebSite\",\"@id\":\"https:\/\/asematic.ee\/#website\",\"url\":\"https:\/\/asematic.ee\/\",\"name\":\"Asematic O\u00dc\",\"description\":\"\",\"potentialAction\":[{\"@type\":\"SearchAction\",\"target\":{\"@type\":\"EntryPoint\",\"urlTemplate\":\"https:\/\/asematic.ee\/?s={search_term_string}\"},\"query-input\":{\"@type\":\"PropertyValueSpecification\",\"valueRequired\":true,\"valueName\":\"search_term_string\"}}],\"inLanguage\":\"en-US\"}]}<\/script>\n<!-- \/ Yoast SEO plugin. -->","yoast_head_json":{"title":"FOOTFALLCAM CENTROID 16 AI NVR-SEADE | Asematic O\u00dc","robots":{"index":"index","follow":"follow","max-snippet":"max-snippet:-1","max-image-preview":"max-image-preview:large","max-video-preview":"max-video-preview:-1"},"canonical":"https:\/\/asematic.ee\/toode\/footfallcam-centroid-16-ai-nvr-seade\/","og_locale":"en_US","og_type":"article","og_title":"FOOTFALLCAM CENTROID 16 AI NVR-SEADE | Asematic O\u00dc","og_description":"Kuni 48 TOPS Edge AI t\u00f6\u00f6tlusv\u00f5imsust    AI-p\u00f5hine varguste ennetus ja anal\u00fc\u00fctika  Ventilaatorita disain koos integreeritud AI-kiirendiga  Toetab kuni 16 analoog- v\u00f5i IP-kaamerat  Sisseehitatud salvestus ja videote taasesitus  ONVIF ja RTSP protokollide tugi     \u00dcks AI NVR-seade. Turvalisus + intelligentsus + \u00fclevaade. FootfallCam Centroid\u2122 on enamat kui lihtsalt NVR. See on AI-v\u00f5imekusega v\u00f5imas lahendus, mis muudab tavap\u00e4rase CCTV-infrastruktuuri mitmeotstarbeliseks platvormiks \u2013 kaitstes teie kauplust ja pakkudes samal ajal reaalajas kliendi\u00fclevaateid.  CCTV muutmine nutikaks varguste ennetamise s\u00fcsteemiks \u201eCentroid on arenenud CCTV: turvalisus, varguste ennetus ja \u00e4rianal\u00fc\u00fctika \u00fches platvormis \u2013 lihtne kasutusele v\u00f5tta, j\u00e4tkusuutlik opereerida ja valmis andma reaalseid tulemusi alates esimesest p\u00e4evast.\u201c     Turvaseire NVR-funktsioonidega Centroid toimib t\u00e4isfunktsionaalse NVR-ina nii analoog- kui ka IP-kaameratele, toetades reaalajas vaatamist, videosalvestust, taasesitust ja kasutajas\u00f5bralikku intsidentide arhiivi. See integreerub olemasolevate CCTV-s\u00fcsteemidega ja loob tugeva aluse tulevastele AI-uuendustele, v\u00f5imaldades ettev\u00f5tetel s\u00e4ilitada traditsiooniline seire ning samal ajal liikuda nutikama, anal\u00fc\u00fctikap\u00f5hise turvainfrastruktuuri suunas.","og_url":"https:\/\/asematic.ee\/toode\/footfallcam-centroid-16-ai-nvr-seade\/","og_site_name":"Asematic O\u00dc","og_image":[{"width":280,"height":280,"url":"https:\/\/asematic.ee\/wp-content\/uploads\/2026\/01\/Product_Centroid.webp","type":"image\/webp"}],"twitter_card":"summary_large_image","twitter_misc":{"Est. reading time":"1 minute"},"schema":{"@context":"https:\/\/schema.org","@graph":[{"@type":"WebPage","@id":"https:\/\/asematic.ee\/toode\/footfallcam-centroid-16-ai-nvr-seade\/","url":"https:\/\/asematic.ee\/toode\/footfallcam-centroid-16-ai-nvr-seade\/","name":"FOOTFALLCAM CENTROID 16 AI NVR-SEADE | Asematic O\u00dc","isPartOf":{"@id":"https:\/\/asematic.ee\/#website"},"primaryImageOfPage":{"@id":"https:\/\/asematic.ee\/toode\/footfallcam-centroid-16-ai-nvr-seade\/#primaryimage"},"image":{"@id":"https:\/\/asematic.ee\/toode\/footfallcam-centroid-16-ai-nvr-seade\/#primaryimage"},"thumbnailUrl":"https:\/\/asematic.ee\/wp-content\/uploads\/2026\/01\/Product_Centroid.webp","datePublished":"2026-01-22T11:07:20+00:00","breadcrumb":{"@id":"https:\/\/asematic.ee\/toode\/footfallcam-centroid-16-ai-nvr-seade\/#breadcrumb"},"inLanguage":"en-US","potentialAction":[{"@type":"ReadAction","target":["https:\/\/asematic.ee\/toode\/footfallcam-centroid-16-ai-nvr-seade\/"]}]},{"@type":"ImageObject","inLanguage":"en-US","@id":"https:\/\/asematic.ee\/toode\/footfallcam-centroid-16-ai-nvr-seade\/#primaryimage","url":"https:\/\/asematic.ee\/wp-content\/uploads\/2026\/01\/Product_Centroid.webp","contentUrl":"https:\/\/asematic.ee\/wp-content\/uploads\/2026\/01\/Product_Centroid.webp","width":280,"height":280},{"@type":"BreadcrumbList","@id":"https:\/\/asematic.ee\/toode\/footfallcam-centroid-16-ai-nvr-seade\/#breadcrumb","itemListElement":[{"@type":"ListItem","position":1,"name":"Home","item":"https:\/\/asematic.ee\/"},{"@type":"ListItem","position":2,"name":"Tooted","item":"https:\/\/asematic.ee\/shop\/"},{"@type":"ListItem","position":3,"name":"FOOTFALLCAM CENTROID 16 AI NVR-SEADE"}]},{"@type":"WebSite","@id":"https:\/\/asematic.ee\/#website","url":"https:\/\/asematic.ee\/","name":"Asematic O\u00dc","description":"","potentialAction":[{"@type":"SearchAction","target":{"@type":"EntryPoint","urlTemplate":"https:\/\/asematic.ee\/?s={search_term_string}"},"query-input":{"@type":"PropertyValueSpecification","valueRequired":true,"valueName":"search_term_string"}}],"inLanguage":"en-US"}]}},"_links":{"self":[{"href":"https:\/\/asematic.ee\/en\/wp-json\/wp\/v2\/product\/4220","targetHints":{"allow":["GET"]}}],"collection":[{"href":"https:\/\/asematic.ee\/en\/wp-json\/wp\/v2\/product"}],"about":[{"href":"https:\/\/asematic.ee\/en\/wp-json\/wp\/v2\/types\/product"}],"wp:featuredmedia":[{"embeddable":true,"href":"https:\/\/asematic.ee\/en\/wp-json\/wp\/v2\/media\/4211"}],"wp:attachment":[{"href":"https:\/\/asematic.ee\/en\/wp-json\/wp\/v2\/media?parent=4220"}],"wp:term":[{"taxonomy":"product_brand","embeddable":true,"href":"https:\/\/asematic.ee\/en\/wp-json\/wp\/v2\/product_brand?post=4220"},{"taxonomy":"product_cat","embeddable":true,"href":"https:\/\/asematic.ee\/en\/wp-json\/wp\/v2\/product_cat?post=4220"},{"taxonomy":"product_tag","embeddable":true,"href":"https:\/\/asematic.ee\/en\/wp-json\/wp\/v2\/product_tag?post=4220"}],"curies":[{"name":"wp","href":"https:\/\/api.w.org\/{rel}","templated":true}]}}